{"id":2879,"date":"2025-06-02T10:50:21","date_gmt":"2025-06-02T08:50:21","guid":{"rendered":"https:\/\/www.q21.de\/?page_id=2879"},"modified":"2025-06-02T10:54:53","modified_gmt":"2025-06-02T08:54:53","slug":"home_start_en","status":"publish","type":"page","link":"https:\/\/www.q21.de\/","title":{"rendered":"Startseite"},"content":{"rendered":"\n<div class=\"wp-block-columns is-layout-flex wp-container-core-columns-is-layout-28f84493 wp-block-columns-is-layout-flex\">\n<div class=\"wp-block-column is-layout-flow wp-block-column-is-layout-flow\"><\/div>\n<\/div>\n\n\n\n<h2 class=\"wp-block-heading has-text-align-center\">Willkommen bei Q21<\/h2>\n\n\n\n<div class=\"wp-block-stackable-heading stk-block-heading stk-block-heading--v2 stk-block stk-6d5e8f5\" id=\"bildung-als-service\" data-block-id=\"6d5e8f5\"><style>.stk-6d5e8f5 .stk-block-heading__text{color:var(u002du002dtheme-palette-color-1, #ff6310) !important;}<\/style><h2 class=\"stk-block-heading__text has-text-color has-text-align-center\">BILDUNG als SERVICE<\/h2><\/div>\n\n\n\n<figure class=\"wp-block-video\"><video height=\"1080\" style=\"aspect-ratio: 1920 \/ 1080;\" width=\"1920\" autoplay loop muted src=\"https:\/\/www.q21.de\/wp-content\/uploads\/2025\/03\/Q21-Web.mp4\" playsinline><\/video><\/figure>\n\n\n\n<div class=\"wp-block-stackable-text stk-block-text stk-block stk-9a73848\" data-block-id=\"9a73848\"><p class=\"stk-block-text__text has-text-align-justify\">Q21 ist eine Agentur f\u00fcr Projektentwicklung und -management, die \u00fcber langj\u00e4hrige Erfahrung in verschiedenen europ\u00e4ischen F\u00f6rderprogrammen verf\u00fcgt. Q21 bietet Qualifizierungs-, Lehr- und Lernl\u00f6sungen in innovativen thematischen und methodischen Bereichen. Unser T\u00e4tigkeitsschwerpunkt liegt an der Schnittstelle von formaler, non-formaler und informeller Bildung sowie in der beruflichen Bildung, Erwachsenenbildung, Hochschulbildung und Schulbildung. Wir verf\u00fcgen \u00fcber ein gro\u00dfes Netzwerk von Kooperationspartnern in ganz Europa, die in EU-Bildungsprojekten, in partizipativer Regionalentwicklung und im Kapazit\u00e4tsaufbau t\u00e4tig sind. Letzterer wird finanziert durch LIFE und INTERREG.<\/p><\/div>\n\n\n\n<div style=\"height:45px\" aria-hidden=\"true\" class=\"wp-block-spacer\"><\/div>\n\n\n\n<div class=\"wp-block-columns is-layout-flex wp-container-core-columns-is-layout-28f84493 wp-block-columns-is-layout-flex\">\n<div class=\"wp-block-column is-layout-flow wp-block-column-is-layout-flow\">\n<figure class=\"wp-block-image\"><img decoding=\"async\" src=\"https:\/\/www.q21.de\/wp-content\/uploads\/2025\/03\/q21_6-1024x585.webp\" alt=\"\"\/><\/figure>\n\n\n\n<h2 class=\"wp-block-heading has-text-align-center\">Entwicklung + Management<\/h2>\n\n\n\n<div class=\"wp-block-stackable-text stk-block-text stk-block stk-fb66864\" data-block-id=\"fb66864\"><p class=\"stk-block-text__text has-text-align-justify\">Aufgrund unserer langj\u00e4hrigen Erfahrung in den Bereichen Bildung, Nachhaltigkeit, Digitalisierung und Innovationsmanagement sind wir in der Lage, unsere Dienstleistungen in unterschiedlichen Forschungs- und Entwicklungsbereichen anzubieten. Wir sind auf internationale Projekte spezialisiert, die eine &#8222;agile&#8220; und interdisziplin\u00e4re Entwicklung und Verwaltung erfordern.<\/p><\/div>\n<\/div>\n\n\n\n<div class=\"wp-block-column is-layout-flow wp-block-column-is-layout-flow\">\n<figure class=\"wp-block-image\"><img decoding=\"async\" src=\"https:\/\/www.q21.de\/wp-content\/uploads\/2025\/03\/q21_4-1024x585.webp\" alt=\"\"\/><\/figure>\n\n\n\n<h2 class=\"wp-block-heading has-text-align-center\"><a href=\"https:\/\/www.q21.de\/the-q21-lab\/\">Software Entwicklung<\/a><\/h2>\n\n\n\n<div class=\"wp-block-stackable-text stk-block-text stk-block stk-65e0a71\" data-block-id=\"65e0a71\"><p class=\"stk-block-text__text has-text-align-justify\">Q21 ist seit den Anf\u00e4ngen der Lernmanagement-systeme auf die Entwicklung webbasierter Lernsysteme spezialisiert und bietet Bildungsanbietern Full-Service-L\u00f6sungen f\u00fcr IT-basierte Lernl\u00f6sungen.<\/p><\/div>\n<\/div>\n\n\n\n<div class=\"wp-block-column is-layout-flow wp-block-column-is-layout-flow\">\n<figure class=\"wp-block-image\"><img decoding=\"async\" src=\"https:\/\/www.q21.de\/wp-content\/uploads\/2025\/03\/q21_5-1024x585.webp\" alt=\"\"\/><\/figure>\n\n\n\n<h2 class=\"wp-block-heading has-text-align-center\"><a href=\"https:\/\/www.q21.de\/projects-2\/\">Projekte<\/a><\/h2>\n\n\n\n<div class=\"wp-block-stackable-text stk-block-text stk-block stk-3aadae8\" data-block-id=\"3aadae8\"><p class=\"stk-block-text__text has-text-align-justify\">Q21 ist eine Agentur, die sich auf die Entwicklung, Verwaltung und IT-Unterst\u00fctzung europ\u00e4ischer Projekte spezialisiert hat. Unser Team kann auf eine lange Liste erfolgreich abgeschlossener Projekte im Rahmen der Programme Socrates, LLP, ERASMUS+ sowie im Zusammenhang mit Projekten zum Kapazit\u00e4tsaufbau und zur regionalen Entwicklung (finanziert durch die Programme LIFE und INTERREG) zur\u00fcckblicken.<\/p><\/div>\n<\/div>\n<\/div>\n\n\n\n<p><\/p>\n","protected":false},"excerpt":{"rendered":"<p>Willkommen bei Q21 BILDUNG als SERVICE Q21 ist eine Agentur f\u00fcr Projektentwicklung und -management, die \u00fcber langj\u00e4hrige Erfahrung in verschiedenen europ\u00e4ischen F\u00f6rderprogrammen verf\u00fcgt. Q21 bietet Qualifizierungs-, Lehr- und Lernl\u00f6sungen in innovativen thematischen und methodischen Bereichen. Unser T\u00e4tigkeitsschwerpunkt liegt an der Schnittstelle von formaler, non-formaler und informeller Bildung sowie in der beruflichen Bildung, Erwachsenenbildung, Hochschulbildung und [&hellip;]<\/p>\n","protected":false},"author":13,"featured_media":0,"parent":0,"menu_order":0,"comment_status":"closed","ping_status":"closed","template":"","meta":{"_locale":"de_DE","_original_post":"http:\/\/www.q21.de\/?page_id=1517","footnotes":""},"q21pr_european_projects_":[],"q21pr_europaeische_projekte":[],"class_list":["post-2879","page","type-page","status-publish","hentry","de-DE"],"blocksy_meta":[],"_links":{"self":[{"href":"https:\/\/www.q21.de\/wp-json\/wp\/v2\/pages\/2879","targetHints":{"allow":["GET"]}}],"collection":[{"href":"https:\/\/www.q21.de\/wp-json\/wp\/v2\/pages"}],"about":[{"href":"https:\/\/www.q21.de\/wp-json\/wp\/v2\/types\/page"}],"author":[{"embeddable":true,"href":"https:\/\/www.q21.de\/wp-json\/wp\/v2\/users\/13"}],"replies":[{"embeddable":true,"href":"https:\/\/www.q21.de\/wp-json\/wp\/v2\/comments?post=2879"}],"version-history":[{"count":2,"href":"https:\/\/www.q21.de\/wp-json\/wp\/v2\/pages\/2879\/revisions"}],"predecessor-version":[{"id":2888,"href":"https:\/\/www.q21.de\/wp-json\/wp\/v2\/pages\/2879\/revisions\/2888"}],"wp:attachment":[{"href":"https:\/\/www.q21.de\/wp-json\/wp\/v2\/media?parent=2879"}],"wp:term":[{"taxonomy":"q21pr_european_projects_","embeddable":true,"href":"https:\/\/www.q21.de\/wp-json\/wp\/v2\/q21pr_european_projects_?post=2879"},{"taxonomy":"q21pr_europaeische_projekte","embeddable":true,"href":"https:\/\/www.q21.de\/wp-json\/wp\/v2\/q21pr_europaeische_projekte?post=2879"}],"curies":[{"name":"wp","href":"https:\/\/api.w.org\/{rel}","templated":true}]}}