{"id":2881,"date":"2025-06-02T10:53:10","date_gmt":"2025-06-02T08:53:10","guid":{"rendered":"https:\/\/www.q21.de\/?page_id=2881"},"modified":"2025-06-02T10:53:10","modified_gmt":"2025-06-02T08:53:10","slug":"imprint","status":"publish","type":"page","link":"https:\/\/www.q21.de\/de\/imprint\/","title":{"rendered":"Imprint"},"content":{"rendered":"\n<p><br>Q21 GmbH<br> Am Leinekanal 4<br> D-37073 G\u00f6ttingen<\/p>\n\n\n\n<p>Telefon: 0551 54707-0<br>\nTelefax: 0551 54707-17<br>\nE-Mail: info@q21.de<\/p>\n\n\n\n<p>Vertretungsberechtigter: Klaus-Peter M\u00fcller<br>\nAmtsregister: Amtsgericht G\u00f6ttingen, HRB 200929<br>\nUmsatzsteuernummer gem\u00e4\u00df \u00a7 27a Umsatzsteuergesetz: 2320\/200\/35868<\/p>\n\n\n\n<p>Verantwortlich f\u00fcr den Inhalt nach \u00a755 Abs. 2 RStV:<br> Klaus-Peter M\u00fcller<br> Q21 GmbH<br> Am Leinekanal 4<br> D-37073 G\u00f6ttingen<\/p>\n","protected":false},"excerpt":{"rendered":"<p>Q21 GmbH Am Leinekanal 4 D-37073 G\u00f6ttingen Telefon: 0551 54707-0 Telefax: 0551 54707-17 E-Mail: info@q21.de Vertretungsberechtigter: Klaus-Peter M\u00fcller Amtsregister: Amtsgericht G\u00f6ttingen, HRB 200929 Umsatzsteuernummer gem\u00e4\u00df \u00a7 27a Umsatzsteuergesetz: 2320\/200\/35868 Verantwortlich f\u00fcr den Inhalt nach \u00a755 Abs. 2 RStV: Klaus-Peter M\u00fcller Q21 GmbH Am Leinekanal 4 D-37073 G\u00f6ttingen<\/p>\n","protected":false},"author":13,"featured_media":0,"parent":0,"menu_order":3,"comment_status":"closed","ping_status":"closed","template":"","meta":{"_locale":"de_DE","_original_post":"http:\/\/www.q21.de\/?page_id=1890","footnotes":""},"q21pr_european_projects_":[],"q21pr_europaeische_projekte":[],"class_list":["post-2881","page","type-page","status-publish","hentry","de-DE"],"blocksy_meta":[],"_links":{"self":[{"href":"https:\/\/www.q21.de\/wp-json\/wp\/v2\/pages\/2881","targetHints":{"allow":["GET"]}}],"collection":[{"href":"https:\/\/www.q21.de\/wp-json\/wp\/v2\/pages"}],"about":[{"href":"https:\/\/www.q21.de\/wp-json\/wp\/v2\/types\/page"}],"author":[{"embeddable":true,"href":"https:\/\/www.q21.de\/wp-json\/wp\/v2\/users\/13"}],"replies":[{"embeddable":true,"href":"https:\/\/www.q21.de\/wp-json\/wp\/v2\/comments?post=2881"}],"version-history":[{"count":1,"href":"https:\/\/www.q21.de\/wp-json\/wp\/v2\/pages\/2881\/revisions"}],"predecessor-version":[{"id":2884,"href":"https:\/\/www.q21.de\/wp-json\/wp\/v2\/pages\/2881\/revisions\/2884"}],"wp:attachment":[{"href":"https:\/\/www.q21.de\/wp-json\/wp\/v2\/media?parent=2881"}],"wp:term":[{"taxonomy":"q21pr_european_projects_","embeddable":true,"href":"https:\/\/www.q21.de\/wp-json\/wp\/v2\/q21pr_european_projects_?post=2881"},{"taxonomy":"q21pr_europaeische_projekte","embeddable":true,"href":"https:\/\/www.q21.de\/wp-json\/wp\/v2\/q21pr_europaeische_projekte?post=2881"}],"curies":[{"name":"wp","href":"https:\/\/api.w.org\/{rel}","templated":true}]}}