{"id":2885,"date":"2025-06-02T10:56:34","date_gmt":"2025-06-02T08:56:34","guid":{"rendered":"https:\/\/www.q21.de\/?page_id=2885"},"modified":"2025-06-13T09:41:48","modified_gmt":"2025-06-13T07:41:48","slug":"projects-2","status":"publish","type":"page","link":"https:\/\/www.q21.de\/de\/projects-2\/","title":{"rendered":"Projekte"},"content":{"rendered":"\n<div class=\"wp-block-columns is-layout-flex wp-container-core-columns-is-layout-28f84493 wp-block-columns-is-layout-flex\">\n<div class=\"wp-block-column is-layout-flow wp-block-column-is-layout-flow\" style=\"flex-basis:66.66%\">\n<h1 class=\"wp-block-heading\">Projekte<\/h1>\n\n\n\n<p>Au\u00dferdem befasst sich Q21 mit dem Themenbereich der Anerkennung von Bildungsleistungen (Recognition of Prior Learning, RPL) und legt den Schwerpunkt auf die praktische Umsetzung von L\u00f6sungen f\u00fcr die Validierung informeller und nicht formaler Bildung (Validation of Informal and Non-Formal Learning, VINFL). Dabei geht es sowohl um methodische Aspekte als auch um die Implementierung entsprechender Softwarel\u00f6sungen.<\/p>\n\n\n\n<p>Q21 ist eine Agentur, die sich auf europ\u00e4ische Bildungsprojekte spezialisiert hat und \u00fcber langj\u00e4hrige Erfahrung mit EU-Projekten verf\u00fcgt, die von Sokrates, LLP, ERASMUS+ finanziert werden. Dar\u00fcber hinaus ist Q21 an Projekten zum Kapazit\u00e4tsaufbau und zur regionalen Entwicklung beteiligt, die durch LIFE- und INTERREG-Programme finanziert werden.<\/p>\n<\/div>\n\n\n\n<div class=\"wp-block-column is-layout-flow wp-block-column-is-layout-flow\" style=\"flex-basis:33.33%\">\n<div style=\"height:57px\" aria-hidden=\"true\" class=\"wp-block-spacer\"><\/div>\n\n\n\n<figure class=\"wp-block-image size-large\"><a href=\"https:\/\/www.q21.de\/wp-content\/uploads\/2025\/03\/q21_4.webp\"><img loading=\"lazy\" decoding=\"async\" width=\"1024\" height=\"585\" src=\"https:\/\/www.q21.de\/wp-content\/uploads\/2025\/03\/q21_4-1024x585.webp\" alt=\"\" class=\"wp-image-2541\" srcset=\"https:\/\/www.q21.de\/wp-content\/uploads\/2025\/03\/q21_4-1024x585.webp 1024w, https:\/\/www.q21.de\/wp-content\/uploads\/2025\/03\/q21_4-300x171.webp 300w, https:\/\/www.q21.de\/wp-content\/uploads\/2025\/03\/q21_4-768x439.webp 768w, https:\/\/www.q21.de\/wp-content\/uploads\/2025\/03\/q21_4-1536x878.webp 1536w, https:\/\/www.q21.de\/wp-content\/uploads\/2025\/03\/q21_4.webp 1792w\" sizes=\"auto, (max-width: 1024px) 100vw, 1024px\" \/><\/a><\/figure>\n<\/div>\n<\/div>\n\n\n\n<div style=\"height:100px\" aria-hidden=\"true\" class=\"wp-block-spacer\"><\/div>\n\n\n\n<div class=\"wp-block-stackable-columns stk-block-columns stk-block stk-0a473b2\" data-block-id=\"0a473b2\"><div class=\"stk-row stk-inner-blocks stk-block-content stk-content-align stk-0a473b2-column\">\n<div class=\"wp-block-stackable-column stk-block-column stk-column stk-block stk-df33f44\" data-v=\"4\" data-block-id=\"df33f44\"><div class=\"stk-column-wrapper stk-block-column__content stk-container stk-df33f44-container stk--no-background stk--no-padding\"><div class=\"stk-block-content stk-inner-blocks stk-df33f44-inner-blocks\">\n\t<div class=\"taxogrid-container--wrapper taxogrid-grid-container q21pr_europaeische_projekte\">\n\t\t\t\t\t<div class=\"taxogrid-card-wrapper\">\n\t\t\t\t                    <img loading=\"lazy\" decoding=\"async\" width=\"500\" height=\"500\" src=\"https:\/\/www.q21.de\/wp-content\/uploads\/2025\/06\/Q21_Website_icons-2.png\" class=\"taxogrid-card__img\" alt=\"Digitale Bildung\" \/>\t\t\t\t\t\t\t\t<div class=\"taxogrid-card-title\">\n\t\t\t\t\t<h2>Digitale Bildung<\/h2>\n\t\t\t\t<\/div>\n\t\t\t\t<div class=\"taxogrid-card-content\">\n\t\t\t\t\t<h2>Digitale Bildung<\/h2>\n\t\t\t\t\t<span>Wo Technologie auf transformatives Lernen trifft.\r\nEntdecken Sie, wie neue KI, Datenkompetenz und interaktive L\u00f6sungen innovative Bildungserfahrungen erm\u00f6glichen. Unsere Projekte IDEAL und DATALIT vermitteln Lernenden und Bildungseinrichtungen die digitalen Kompetenzen, die im 21. Jahrhundert erforderlich sind, und gestalten damit sowohl den Pr\u00e4senz- als auch den Online-Unterricht neu.<\/span>\n\t\t\t\t\t\t\t\t\t\t\t<a href=\"https:\/\/www.q21.de\/europaeische_projekte\/digitale-bildung\">\n\t\t\t\t\t\t\t<button class=\"taxogrid-button\">\n\t\t\t\t\t\t\t\t<span>mehr...<\/span>\n\t\t\t\t\t\t\t<\/button>\n\t\t\t\t\t\t<\/a>\n\t\t\t\t\t\t\t\t\t<\/div>\n\t\t\t<\/div>\n\t\t\t\t\t<div class=\"taxogrid-card-wrapper\">\n\t\t\t\t                    <img loading=\"lazy\" decoding=\"async\" width=\"500\" height=\"500\" src=\"https:\/\/www.q21.de\/wp-content\/uploads\/2025\/06\/Q21_Website_icons-1.png\" class=\"taxogrid-card__img\" alt=\"Mobilit\u00e4ten\" \/>\t\t\t\t\t\t\t\t<div class=\"taxogrid-card-title\">\n\t\t\t\t\t<h2>Mobilit\u00e4ten<\/h2>\n\t\t\t\t<\/div>\n\t\t\t\t<div class=\"taxogrid-card-content\">\n\t\t\t\t\t<h2>Mobilit\u00e4ten<\/h2>\n\t\t\t\t\t<span>Horizonte erweitern durch grenz\u00fcberschreitende Zusammenarbeit.\r\nDurch die F\u00f6rderung von Praktika, Hospitationen und internationalen Studienaufenthalten f\u00f6rdert PROMOTE die Lernmobilit\u00e4t in ganz Europa. Hier sammeln Lernende praktische Erfahrungen, die sowohl ihre pers\u00f6nliche Entwicklung als auch ihre beruflichen Perspektiven in einer global vernetzten Welt bereichern.<\/span>\n\t\t\t\t\t\t\t\t\t\t\t<a href=\"https:\/\/www.q21.de\/europaeische_projekte\/mobilitaten\">\n\t\t\t\t\t\t\t<button class=\"taxogrid-button\">\n\t\t\t\t\t\t\t\t<span>mehr...<\/span>\n\t\t\t\t\t\t\t<\/button>\n\t\t\t\t\t\t<\/a>\n\t\t\t\t\t\t\t\t\t<\/div>\n\t\t\t<\/div>\n\t\t\t\t\t<div class=\"taxogrid-card-wrapper\">\n\t\t\t\t                    <img loading=\"lazy\" decoding=\"async\" width=\"500\" height=\"500\" src=\"https:\/\/www.q21.de\/wp-content\/uploads\/2025\/06\/Q21_Website_icons-3.png\" class=\"taxogrid-card__img\" alt=\"Neue Ans\u00e4tze\" \/>\t\t\t\t\t\t\t\t<div class=\"taxogrid-card-title\">\n\t\t\t\t\t<h2>Neue Ans\u00e4tze<\/h2>\n\t\t\t\t<\/div>\n\t\t\t\t<div class=\"taxogrid-card-content\">\n\t\t\t\t\t<h2>Neue Ans\u00e4tze<\/h2>\n\t\t\t\t\t<span>Wir erfinden neu, wie wir denken, gestalten und Probleme l\u00f6sen.\r\nTreten Sie ein in eine Welt, in der Kreativit\u00e4t und Innovation untrennbar mit h\u00f6herer Bildung verbunden sind. Mit CIM statten wir Studierende und Lehrende mit neuen Methoden aus, um reale Herausforderungen zu meistern \u2013 indem wir Theorie mit praktischen Experimenten verbinden und bedeutende, nachhaltige Ver\u00e4nderungen vorantreiben.<\/span>\n\t\t\t\t\t\t\t\t\t\t\t<a href=\"https:\/\/www.q21.de\/europaeische_projekte\/neue-ansatze\">\n\t\t\t\t\t\t\t<button class=\"taxogrid-button\">\n\t\t\t\t\t\t\t\t<span>mehr...<\/span>\n\t\t\t\t\t\t\t<\/button>\n\t\t\t\t\t\t<\/a>\n\t\t\t\t\t\t\t\t\t<\/div>\n\t\t\t<\/div>\n\t\t\t<\/div>\n\n\n\n\n<\/div><\/div><\/div>\n<\/div><\/div>\n\n\n\n<div style=\"height:120px\" aria-hidden=\"true\" class=\"wp-block-spacer\"><\/div>\n\n\n\n<div class=\"wp-block-stackable-columns stk-block-columns stk-block stk-0a6dbd1 stk-block-background stk--has-background-overlay\" data-block-id=\"0a6dbd1\"><style>.stk-0a6dbd1 {background-image:url(https:\/\/www.q21.de\/wp-content\/uploads\/2025\/03\/q21_5.webp) !important;}<\/style><div class=\"stk-row stk-inner-blocks stk-block-content stk-content-align stk-0a6dbd1-column\">\n<div class=\"wp-block-stackable-column stk-block-column stk-column stk-block stk-03c7c03\" data-v=\"4\" data-block-id=\"03c7c03\"><div class=\"stk-column-wrapper stk-block-column__content stk-container stk-03c7c03-container stk--no-background stk--no-padding\"><div class=\"stk-block-content stk-inner-blocks stk-03c7c03-inner-blocks\">\n<div class=\"wp-block-stackable-heading stk-block-heading stk-block-heading--v2 stk-block stk-868045d stk-block-background\" id=\"q-21-projects-before-2018\" data-block-id=\"868045d\"><style>.stk-868045d {background-color:var(u002du002dtheme-palette-color-7, #ffffff) !important;}.stk-868045d:before{background-color:var(u002du002dtheme-palette-color-7, #ffffff) !important;}.stk-868045d .stk-block-heading__text{color:var(u002du002dtheme-palette-color-4, #111518) !important;}<\/style><h2 class=\"stk-block-heading__text has-text-color has-text-align-center\">Q21 Projects before 2018<\/h2><\/div>\n\n\n\n<div class=\"wp-block-buttons is-content-justification-center is-layout-flex wp-container-core-buttons-is-layout-a89b3969 wp-block-buttons-is-layout-flex\">\n<div class=\"wp-block-button\"><a class=\"wp-block-button__link has-text-align-center wp-element-button\">more<\/a><\/div>\n<\/div>\n<\/div><\/div><\/div>\n<\/div><\/div>\n\n\n\n<p><\/p>\n","protected":false},"excerpt":{"rendered":"<p>Projekte Au\u00dferdem befasst sich Q21 mit dem Themenbereich der Anerkennung von Bildungsleistungen (Recognition of Prior Learning, RPL) und legt den Schwerpunkt auf die praktische Umsetzung von L\u00f6sungen f\u00fcr die Validierung informeller und nicht formaler Bildung (Validation of Informal and Non-Formal Learning, VINFL). Dabei geht es sowohl um methodische Aspekte als auch um die Implementierung entsprechender [&hellip;]<\/p>\n","protected":false},"author":13,"featured_media":2363,"parent":0,"menu_order":0,"comment_status":"closed","ping_status":"closed","template":"","meta":{"_locale":"de_DE","_original_post":"http:\/\/www.q21.de\/?page_id=1549","footnotes":""},"q21pr_european_projects_":[],"q21pr_europaeische_projekte":[],"class_list":["post-2885","page","type-page","status-publish","has-post-thumbnail","hentry","de-DE"],"blocksy_meta":[],"_links":{"self":[{"href":"https:\/\/www.q21.de\/wp-json\/wp\/v2\/pages\/2885","targetHints":{"allow":["GET"]}}],"collection":[{"href":"https:\/\/www.q21.de\/wp-json\/wp\/v2\/pages"}],"about":[{"href":"https:\/\/www.q21.de\/wp-json\/wp\/v2\/types\/page"}],"author":[{"embeddable":true,"href":"https:\/\/www.q21.de\/wp-json\/wp\/v2\/users\/13"}],"replies":[{"embeddable":true,"href":"https:\/\/www.q21.de\/wp-json\/wp\/v2\/comments?post=2885"}],"version-history":[{"count":4,"href":"https:\/\/www.q21.de\/wp-json\/wp\/v2\/pages\/2885\/revisions"}],"predecessor-version":[{"id":2908,"href":"https:\/\/www.q21.de\/wp-json\/wp\/v2\/pages\/2885\/revisions\/2908"}],"wp:featuredmedia":[{"embeddable":true,"href":"https:\/\/www.q21.de\/wp-json\/wp\/v2\/media\/2363"}],"wp:attachment":[{"href":"https:\/\/www.q21.de\/wp-json\/wp\/v2\/media?parent=2885"}],"wp:term":[{"taxonomy":"q21pr_european_projects_","embeddable":true,"href":"https:\/\/www.q21.de\/wp-json\/wp\/v2\/q21pr_european_projects_?post=2885"},{"taxonomy":"q21pr_europaeische_projekte","embeddable":true,"href":"https:\/\/www.q21.de\/wp-json\/wp\/v2\/q21pr_europaeische_projekte?post=2885"}],"curies":[{"name":"wp","href":"https:\/\/api.w.org\/{rel}","templated":true}]}}