{"id":2905,"date":"2025-06-13T09:36:16","date_gmt":"2025-06-13T07:36:16","guid":{"rendered":"https:\/\/www.q21.de\/?page_id=2905"},"modified":"2025-06-13T09:36:38","modified_gmt":"2025-06-13T07:36:38","slug":"ideal-project","status":"publish","type":"page","link":"https:\/\/www.q21.de\/de\/projects-2\/ideal-project\/","title":{"rendered":"IDEAL Project"},"content":{"rendered":"\n<div class=\"wp-block-columns is-layout-flex wp-container-core-columns-is-layout-28f84493 wp-block-columns-is-layout-flex\">\n<div class=\"wp-block-column is-layout-flow wp-block-column-is-layout-flow\" style=\"flex-basis:66.66%\">\n<h2 class=\"wp-block-heading\">IDEAL<\/h2>\n\n\n\n<h5 class=\"wp-block-heading\">Integrating Data Analysis and AI in Learning Experiences<\/h5>\n\n\n\n<p>Das IDEAL-Projekt zielt darauf ab, innovative Lehrmethoden zur Integration von Datenanalyse und k\u00fcnstlicher Intelligenz (KI) in verschiedene Hochschuldisziplinen einzuf\u00fchren.<\/p>\n<\/div>\n\n\n\n<div class=\"wp-block-column is-layout-flow wp-block-column-is-layout-flow\" style=\"flex-basis:33.33%\">\n<div style=\"height:20px\" aria-hidden=\"true\" class=\"wp-block-spacer\"><\/div>\n\n\n\n<figure class=\"wp-block-image aligncenter\"><img decoding=\"async\" src=\"https:\/\/www.q21.de\/wp-content\/uploads\/2025\/02\/IDEAL-Logo-remake-150x150.png\" alt=\"\"\/><\/figure>\n<\/div>\n<\/div>\n\n\n\n<div class=\"wp-block-columns is-layout-flex wp-container-core-columns-is-layout-28f84493 wp-block-columns-is-layout-flex\">\n<div class=\"wp-block-column is-layout-flow wp-block-column-is-layout-flow\">\n<h5 class=\"wp-block-heading\">Vision<\/h5>\n\n\n\n<p class=\"has-text-align-left\">Das IDEAL-Projekt ist eine Initiative, die eine Transformation im Hochschulwesen anstrebt. Ihr Ziel ist es, Lehrkr\u00e4fte und Forschende zu bef\u00e4higen, indem sie ihnen die notwendigen F\u00e4higkeiten und Kenntnisse vermitteln, um k\u00fcnstliche Intelligenz (KI) und Datenanalyse in ihre Lehr- und Forschungspraktiken zu integrieren. Das Projekt ist breit angelegt und geht \u00fcber technische Disziplinen hinaus, um sicherzustellen, dass alle Bereiche, von den Sozialwissenschaften bis zur Medizin, vom Potenzial der KI profitieren k\u00f6nnen, um Bildung, Forschung und Verwaltungseffizienz zu verbessern.<\/p>\n\n\n\n<p>Durch die F\u00f6rderung kompetenzorientierten Lernens und gemischter Bildungsmodelle m\u00f6chte IDEAL sicherstellen, dass KI und Datenanalyse einem breiten Publikum im akademischen Bereich zug\u00e4nglich werden. Das Projekt legt au\u00dferdem gro\u00dfen Wert auf Inklusion, Ethik und Nachhaltigkeit als zentrale Leitprinzipien.<\/p>\n\n\n\n<figure class=\"wp-block-image aligncenter\"><img decoding=\"async\" src=\"https:\/\/www.q21.de\/wp-content\/uploads\/2025\/03\/DALL\u00b7E-2025-03-12-10.47.08-A-futuristic-university-setting-where-professors-and-researchers-are-engaged-with-AI-driven-tools-in-a-modern-classroom.-One-professor-is-interacting--1024x585.webp\" alt=\"\"\/><figcaption class=\"wp-element-caption\">created by: Dall-E<\/figcaption><\/figure>\n\n\n\n<h5 class=\"wp-block-heading\">Ansatz &amp; Hauptaktivit\u00e4ten<\/h5>\n\n\n\n<p>Das IDEAL-Projekt verfolgt einen strukturierten und modularen Ansatz, der bew\u00e4hrte Verfahren, praktische Lernm\u00f6glichkeiten und politische Empfehlungen integriert, um die Einf\u00fchrung von KI an europ\u00e4ischen Universit\u00e4ten zu erleichtern.<\/p>\n\n\n\n<ul class=\"wp-block-list\">\n<li>\n<ul class=\"wp-block-list\">\n<li>Identifizierung realer Anwendungsf\u00e4lle f\u00fcr KI \u2013 Untersuchung, wie KI und Datenanalyse bereits in der Hochschulbildung eingesetzt werden.<\/li>\n\n\n\n<li>Entwicklung eines Kompetenzrahmens \u2013 Festlegung klarer Anforderungen an F\u00e4higkeiten und Kenntnisse f\u00fcr die KI-bezogene Ausbildung.<\/li>\n\n\n\n<li>Schaffung einer interaktiven Lernsuite \u2013 Ein Blended-Learning-Angebot mit digitalen Tools und Ressourcen.<\/li>\n\n\n\n<li>Pilotierung und Skalierung der KI-Integration \u2013 Testen von Strategien an Partnerinstitutionen und Verfeinerung von Best Practices. Sicherstellung von Nachhaltigkeit und langfristiger Wirkung \u2013 Festlegung einer Umsetzungsstrategie f\u00fcr die kontinuierliche Einf\u00fchrung.<\/li>\n<\/ul>\n<\/li>\n<\/ul>\n\n\n\n<figure class=\"wp-block-image aligncenter\"><img decoding=\"async\" src=\"https:\/\/www.q21.de\/wp-content\/uploads\/2025\/03\/DALL\u00b7E-2025-03-12-10.51.12-A-modern-university-meeting-room-where-international-researchers-and-educators-are-collaborating-on-the-IDEAL-Project.-The-setting-is-professional-and-1024x585.webp\" alt=\"\"\/><figcaption class=\"wp-element-caption\">created by: Dall-E<\/figcaption><\/figure>\n\n\n\n<h5 class=\"wp-block-heading\">Why IDEAL Matters<\/h5>\n\n\n\n<p>KI hat einen erheblichen Einfluss auf die Art und Weise, wie wir lernen, lehren und forschen. Es ist jedoch wichtig zu erkennen, dass akademische Fachkr\u00e4fte ohne die richtigen Kenntnisse und Werkzeuge Schwierigkeiten haben k\u00f6nnten, mit dieser digitalen Transformation Schritt zu halten. IDEAL m\u00f6chte Universit\u00e4ten durch folgende Ma\u00dfnahmen unterst\u00fctzen:<\/p>\n\n\n\n<ul class=\"wp-block-list\">\n<li>\n<ul class=\"wp-block-list\">\n<li>KI-Bewusstsein und digitales Selbstvertrauen \u2013 Unterst\u00fctzung von P\u00e4dagogen bei fundierten Entscheidungen zur Integration von KI.<\/li>\n\n\n\n<li>Effizienz und Innovation \u2013 Automatisierung von Routineaufgaben, Verbesserung von Forschungsmethoden und Erleichterung adaptiver Lernerfahrungen.<\/li>\n\n\n\n<li>Ethischer und inklusiver Einsatz von KI \u2013 Auseinandersetzung mit Bedenken hinsichtlich Voreingenommenheit, Fehlinformationen und verantwortungsvollen KI-Praktiken im akademischen Umfeld.<\/li>\n\n\n\n<li>Interdisziplin\u00e4re Zusammenarbeit \u2013 F\u00f6rderung einer breiten Einf\u00fchrung von KI \u00fcber die MINT-F\u00e4cher hinaus, um sicherzustellen, dass auch die Geistes- und Sozialwissenschaften sowie andere Disziplinen von KI-gest\u00fctzten L\u00f6sungen profitieren.<\/li>\n<\/ul>\n<\/li>\n<\/ul>\n\n\n\n<p>Das IDEAL-Projekt ist ein Vorhaben, das darauf abzielt, die Zukunft der Bildung mit KI zu gestalten. Bis zum Ende des Projekts werden europ\u00e4ische Universit\u00e4ten \u00fcber einen soliden, praktischen Fahrplan f\u00fcr die Einbindung von KI in ihre akademischen \u00d6kosysteme verf\u00fcgen, der Studierenden, Lehrenden und Forschenden gleicherma\u00dfen neue M\u00f6glichkeiten er\u00f6ffnet.<\/p>\n\n\n\n<div class=\"wp-block-buttons is-content-justification-center is-layout-flex wp-container-core-buttons-is-layout-a89b3969 wp-block-buttons-is-layout-flex\">\n<div class=\"wp-block-button\"><a class=\"wp-block-button__link wp-element-button\" href=\"https:\/\/www.project-ideal.eu\/\" target=\"_blank\" rel=\"noreferrer noopener\">Projekt Website<\/a><\/div>\n<\/div>\n<\/div>\n<\/div>\n\n\n\n<p><\/p>\n","protected":false},"excerpt":{"rendered":"<p>IDEAL Integrating Data Analysis and AI in Learning Experiences Das IDEAL-Projekt zielt darauf ab, innovative Lehrmethoden zur Integration von Datenanalyse und k\u00fcnstlicher Intelligenz (KI) in verschiedene Hochschuldisziplinen einzuf\u00fchren. Vision Das IDEAL-Projekt ist eine Initiative, die eine Transformation im Hochschulwesen anstrebt. Ihr Ziel ist es, Lehrkr\u00e4fte und Forschende zu bef\u00e4higen, indem sie ihnen die notwendigen F\u00e4higkeiten [&hellip;]<\/p>\n","protected":false},"author":13,"featured_media":2357,"parent":2885,"menu_order":0,"comment_status":"closed","ping_status":"closed","template":"","meta":{"_locale":"de_DE","_original_post":"https:\/\/www.q21.de\/?page_id=2383","footnotes":""},"q21pr_european_projects_":[],"q21pr_europaeische_projekte":[401],"class_list":["post-2905","page","type-page","status-publish","has-post-thumbnail","hentry","q21pr_europaeische_projekte-digitale-bildung","de-DE"],"blocksy_meta":[],"_links":{"self":[{"href":"https:\/\/www.q21.de\/wp-json\/wp\/v2\/pages\/2905","targetHints":{"allow":["GET"]}}],"collection":[{"href":"https:\/\/www.q21.de\/wp-json\/wp\/v2\/pages"}],"about":[{"href":"https:\/\/www.q21.de\/wp-json\/wp\/v2\/types\/page"}],"author":[{"embeddable":true,"href":"https:\/\/www.q21.de\/wp-json\/wp\/v2\/users\/13"}],"replies":[{"embeddable":true,"href":"https:\/\/www.q21.de\/wp-json\/wp\/v2\/comments?post=2905"}],"version-history":[{"count":1,"href":"https:\/\/www.q21.de\/wp-json\/wp\/v2\/pages\/2905\/revisions"}],"predecessor-version":[{"id":2906,"href":"https:\/\/www.q21.de\/wp-json\/wp\/v2\/pages\/2905\/revisions\/2906"}],"up":[{"embeddable":true,"href":"https:\/\/www.q21.de\/wp-json\/wp\/v2\/pages\/2885"}],"wp:featuredmedia":[{"embeddable":true,"href":"https:\/\/www.q21.de\/wp-json\/wp\/v2\/media\/2357"}],"wp:attachment":[{"href":"https:\/\/www.q21.de\/wp-json\/wp\/v2\/media?parent=2905"}],"wp:term":[{"taxonomy":"q21pr_european_projects_","embeddable":true,"href":"https:\/\/www.q21.de\/wp-json\/wp\/v2\/q21pr_european_projects_?post=2905"},{"taxonomy":"q21pr_europaeische_projekte","embeddable":true,"href":"https:\/\/www.q21.de\/wp-json\/wp\/v2\/q21pr_europaeische_projekte?post=2905"}],"curies":[{"name":"wp","href":"https:\/\/api.w.org\/{rel}","templated":true}]}}